{"id":623,"date":"2026-04-05T22:25:09","date_gmt":"2026-04-05T20:25:09","guid":{"rendered":"https:\/\/deuleenjeux.fr\/?page_id=623"},"modified":"2026-04-05T22:37:41","modified_gmt":"2026-04-05T20:37:41","slug":"623-2","status":"publish","type":"page","link":"https:\/\/deuleenjeux.fr\/index.php\/623-2\/","title":{"rendered":"Gobz"},"content":{"rendered":"\n<figure class=\"wp-block-image size-full is-resized\"><img loading=\"lazy\" decoding=\"async\" width=\"800\" height=\"354\" src=\"https:\/\/deuleenjeux.fr\/wp-content\/uploads\/2026\/04\/Copie-de-FRED-3.png\" alt=\"\" class=\"wp-image-624\" style=\"width:1140px;height:auto\" srcset=\"https:\/\/deuleenjeux.fr\/wp-content\/uploads\/2026\/04\/Copie-de-FRED-3.png 800w, https:\/\/deuleenjeux.fr\/wp-content\/uploads\/2026\/04\/Copie-de-FRED-3-300x133.png 300w, https:\/\/deuleenjeux.fr\/wp-content\/uploads\/2026\/04\/Copie-de-FRED-3-768x340.png 768w\" sizes=\"auto, (max-width: 800px) 100vw, 800px\" \/><\/figure>\n\n\n\n<p>Avec un Gobz en poche, tu acc\u00e8des \u00e0 une opportunit\u00e9 unique : piocher une capsule dans notre grande marmite de l\u2019espace. Chaque tirage peut contenir une r\u00e9compense, et certains renferment de v\u00e9ritables tr\u00e9sors. Plus qu\u2019un simple jeton, le Gobz est une chance de repartir, peut-\u00eatre, avec une montagne de jeux.<\/p>\n\n\n\n<p class=\"has-text-align-center has-large-font-size\"><br><strong>Alors n\u2019h\u00e9site plus et viens nous rejoindre sur le festival.<\/strong><\/p>\n","protected":false},"excerpt":{"rendered":"<p>Avec un Gobz en poche, tu acc\u00e8des \u00e0 une opportunit\u00e9 unique : piocher une capsule dans notre grande marmite de<\/p>\n","protected":false},"author":1,"featured_media":0,"parent":0,"menu_order":0,"comment_status":"closed","ping_status":"closed","template":"","meta":{"_monsterinsights_skip_tracking":false,"_monsterinsights_sitenote_active":false,"_monsterinsights_sitenote_note":"","_monsterinsights_sitenote_category":0,"footnotes":""},"class_list":["post-623","page","type-page","status-publish","hentry"],"aioseo_notices":[],"_links":{"self":[{"href":"https:\/\/deuleenjeux.fr\/index.php\/wp-json\/wp\/v2\/pages\/623","targetHints":{"allow":["GET"]}}],"collection":[{"href":"https:\/\/deuleenjeux.fr\/index.php\/wp-json\/wp\/v2\/pages"}],"about":[{"href":"https:\/\/deuleenjeux.fr\/index.php\/wp-json\/wp\/v2\/types\/page"}],"author":[{"embeddable":true,"href":"https:\/\/deuleenjeux.fr\/index.php\/wp-json\/wp\/v2\/users\/1"}],"replies":[{"embeddable":true,"href":"https:\/\/deuleenjeux.fr\/index.php\/wp-json\/wp\/v2\/comments?post=623"}],"version-history":[{"count":4,"href":"https:\/\/deuleenjeux.fr\/index.php\/wp-json\/wp\/v2\/pages\/623\/revisions"}],"predecessor-version":[{"id":633,"href":"https:\/\/deuleenjeux.fr\/index.php\/wp-json\/wp\/v2\/pages\/623\/revisions\/633"}],"wp:attachment":[{"href":"https:\/\/deuleenjeux.fr\/index.php\/wp-json\/wp\/v2\/media?parent=623"}],"curies":[{"name":"wp","href":"https:\/\/api.w.org\/{rel}","templated":true}]}}