{"id":6,"date":"2022-03-06T19:23:31","date_gmt":"2022-03-06T18:23:31","guid":{"rendered":"http:\/\/eaecjxk.cluster029.hosting.ovh.net\/?page_id=6"},"modified":"2026-04-01T00:29:17","modified_gmt":"2026-03-31T22:29:17","slug":"a-propos-de","status":"publish","type":"page","link":"https:\/\/deuleenjeux.fr\/index.php\/a-propos-de\/","title":{"rendered":"\u00c0 propos de"},"content":{"rendered":"\n<p class=\"has-primary-color has-text-color\">Le but de ce festival est de faire la promotion du jeu de soci\u00e9t\u00e9 pour ses vertus f\u00e9d\u00e9ratrice, sociale et d\u2019apprentissage.<\/p>\n\n\n\n<p class=\"has-text-align-left has-primary-color has-text-color\">Le Festival regroupe sur un m\u00eame lieu, les jeux sous toutes leurs formes ainsi que les univers qui les inspirent&nbsp;: Jeux classiques, Jeux de r\u00f4les, jeux de plateaux, jeux de r\u00f4les grandeur nature, litt\u00e9rature fantastique et de Science Fiction, Pop culture et Mangas, Cosplay.<\/p>\n\n\n\n<p class=\"has-primary-color has-text-color\">Nous avons voulu placer le festival sous le signe de la famille, du partage entre g\u00e9n\u00e9rations, du plaisir de jouer mais aussi de la solidarit\u00e9. Nous avons d\u00e9cid\u00e9 cette ann\u00e9e de donner un coup de pouce \u00e0 l\u2019 association \u00ab\u00a0les aventures d&rsquo;Antonin\u00a0\u00bb<\/p>\n\n\n\n<figure class=\"wp-block-image size-large\"><img loading=\"lazy\" decoding=\"async\" width=\"1024\" height=\"576\" src=\"https:\/\/deuleenjeux.fr\/wp-content\/uploads\/2026\/04\/1-1024x576.png\" alt=\"\" class=\"wp-image-612\" srcset=\"https:\/\/deuleenjeux.fr\/wp-content\/uploads\/2026\/04\/1-1024x576.png 1024w, https:\/\/deuleenjeux.fr\/wp-content\/uploads\/2026\/04\/1-300x169.png 300w, https:\/\/deuleenjeux.fr\/wp-content\/uploads\/2026\/04\/1-768x432.png 768w, https:\/\/deuleenjeux.fr\/wp-content\/uploads\/2026\/04\/1.png 1280w\" sizes=\"auto, (max-width: 1024px) 100vw, 1024px\" \/><\/figure>\n\n\n\n<figure class=\"wp-block-image size-large\"><img loading=\"lazy\" decoding=\"async\" width=\"1024\" height=\"576\" src=\"https:\/\/deuleenjeux.fr\/wp-content\/uploads\/2026\/04\/2-1024x576.png\" alt=\"\" class=\"wp-image-611\" srcset=\"https:\/\/deuleenjeux.fr\/wp-content\/uploads\/2026\/04\/2-1024x576.png 1024w, https:\/\/deuleenjeux.fr\/wp-content\/uploads\/2026\/04\/2-300x169.png 300w, https:\/\/deuleenjeux.fr\/wp-content\/uploads\/2026\/04\/2-768x432.png 768w, https:\/\/deuleenjeux.fr\/wp-content\/uploads\/2026\/04\/2.png 1280w\" sizes=\"auto, (max-width: 1024px) 100vw, 1024px\" \/><\/figure>\n\n\n\n<figure class=\"wp-block-image size-large is-style-default\"><img loading=\"lazy\" decoding=\"async\" width=\"1024\" height=\"576\" src=\"https:\/\/deuleenjeux.fr\/wp-content\/uploads\/2026\/04\/3-1024x576.png\" alt=\"\" class=\"wp-image-610\" srcset=\"https:\/\/deuleenjeux.fr\/wp-content\/uploads\/2026\/04\/3-1024x576.png 1024w, https:\/\/deuleenjeux.fr\/wp-content\/uploads\/2026\/04\/3-300x169.png 300w, https:\/\/deuleenjeux.fr\/wp-content\/uploads\/2026\/04\/3-768x432.png 768w, https:\/\/deuleenjeux.fr\/wp-content\/uploads\/2026\/04\/3.png 1280w\" sizes=\"auto, (max-width: 1024px) 100vw, 1024px\" \/><\/figure>\n\n\n\n<figure class=\"wp-block-image size-large\"><img loading=\"lazy\" decoding=\"async\" width=\"1024\" height=\"576\" src=\"https:\/\/deuleenjeux.fr\/wp-content\/uploads\/2026\/04\/4-1024x576.png\" alt=\"\" class=\"wp-image-609\" srcset=\"https:\/\/deuleenjeux.fr\/wp-content\/uploads\/2026\/04\/4-1024x576.png 1024w, https:\/\/deuleenjeux.fr\/wp-content\/uploads\/2026\/04\/4-300x169.png 300w, https:\/\/deuleenjeux.fr\/wp-content\/uploads\/2026\/04\/4-768x432.png 768w, https:\/\/deuleenjeux.fr\/wp-content\/uploads\/2026\/04\/4.png 1280w\" sizes=\"auto, (max-width: 1024px) 100vw, 1024px\" \/><\/figure>\n\n\n\n<figure class=\"wp-block-image size-large\"><img loading=\"lazy\" decoding=\"async\" width=\"1024\" height=\"576\" src=\"https:\/\/deuleenjeux.fr\/wp-content\/uploads\/2026\/04\/5-1024x576.png\" alt=\"\" class=\"wp-image-608\" srcset=\"https:\/\/deuleenjeux.fr\/wp-content\/uploads\/2026\/04\/5-1024x576.png 1024w, https:\/\/deuleenjeux.fr\/wp-content\/uploads\/2026\/04\/5-300x169.png 300w, https:\/\/deuleenjeux.fr\/wp-content\/uploads\/2026\/04\/5-768x432.png 768w, https:\/\/deuleenjeux.fr\/wp-content\/uploads\/2026\/04\/5.png 1280w\" sizes=\"auto, (max-width: 1024px) 100vw, 1024px\" \/><\/figure>\n\n\n\n<figure class=\"wp-block-image size-large\"><img loading=\"lazy\" decoding=\"async\" width=\"1280\" height=\"720\" src=\"https:\/\/deuleenjeux.fr\/wp-content\/uploads\/2026\/04\/6-1024x576.png\" alt=\"\" class=\"wp-image-607\" srcset=\"https:\/\/deuleenjeux.fr\/wp-content\/uploads\/2026\/04\/6-1024x576.png 1024w, https:\/\/deuleenjeux.fr\/wp-content\/uploads\/2026\/04\/6-300x169.png 300w, https:\/\/deuleenjeux.fr\/wp-content\/uploads\/2026\/04\/6-768x432.png 768w, https:\/\/deuleenjeux.fr\/wp-content\/uploads\/2026\/04\/6.png 1280w\" sizes=\"auto, (max-width: 1280px) 100vw, 1280px\" \/><\/figure>\n\n\n\n<figure class=\"wp-block-image size-large\"><img loading=\"lazy\" decoding=\"async\" width=\"1024\" height=\"576\" src=\"https:\/\/deuleenjeux.fr\/wp-content\/uploads\/2026\/04\/7-1024x576.png\" alt=\"\" class=\"wp-image-606\" srcset=\"https:\/\/deuleenjeux.fr\/wp-content\/uploads\/2026\/04\/7-1024x576.png 1024w, https:\/\/deuleenjeux.fr\/wp-content\/uploads\/2026\/04\/7-300x169.png 300w, https:\/\/deuleenjeux.fr\/wp-content\/uploads\/2026\/04\/7-768x432.png 768w, https:\/\/deuleenjeux.fr\/wp-content\/uploads\/2026\/04\/7.png 1280w\" sizes=\"auto, (max-width: 1024px) 100vw, 1024px\" \/><\/figure>\n\n\n\n<figure class=\"wp-block-image size-large\"><img loading=\"lazy\" decoding=\"async\" width=\"1024\" height=\"576\" src=\"https:\/\/deuleenjeux.fr\/wp-content\/uploads\/2026\/04\/8-1024x576.png\" alt=\"\" class=\"wp-image-605\" srcset=\"https:\/\/deuleenjeux.fr\/wp-content\/uploads\/2026\/04\/8-1024x576.png 1024w, https:\/\/deuleenjeux.fr\/wp-content\/uploads\/2026\/04\/8-300x169.png 300w, https:\/\/deuleenjeux.fr\/wp-content\/uploads\/2026\/04\/8-768x432.png 768w, https:\/\/deuleenjeux.fr\/wp-content\/uploads\/2026\/04\/8.png 1280w\" sizes=\"auto, (max-width: 1024px) 100vw, 1024px\" \/><\/figure>\n\n\n\n<figure class=\"wp-block-image size-large\"><img loading=\"lazy\" decoding=\"async\" width=\"1024\" height=\"576\" src=\"https:\/\/deuleenjeux.fr\/wp-content\/uploads\/2026\/04\/9-1024x576.png\" alt=\"\" class=\"wp-image-604\" srcset=\"https:\/\/deuleenjeux.fr\/wp-content\/uploads\/2026\/04\/9-1024x576.png 1024w, https:\/\/deuleenjeux.fr\/wp-content\/uploads\/2026\/04\/9-300x169.png 300w, https:\/\/deuleenjeux.fr\/wp-content\/uploads\/2026\/04\/9-768x432.png 768w, https:\/\/deuleenjeux.fr\/wp-content\/uploads\/2026\/04\/9.png 1280w\" sizes=\"auto, (max-width: 1024px) 100vw, 1024px\" \/><\/figure>\n\n\n\n<figure class=\"wp-block-image size-large\"><img loading=\"lazy\" decoding=\"async\" width=\"1024\" height=\"576\" src=\"https:\/\/deuleenjeux.fr\/wp-content\/uploads\/2026\/04\/10-1024x576.png\" alt=\"\" class=\"wp-image-603\" srcset=\"https:\/\/deuleenjeux.fr\/wp-content\/uploads\/2026\/04\/10-1024x576.png 1024w, https:\/\/deuleenjeux.fr\/wp-content\/uploads\/2026\/04\/10-300x169.png 300w, https:\/\/deuleenjeux.fr\/wp-content\/uploads\/2026\/04\/10-768x432.png 768w, https:\/\/deuleenjeux.fr\/wp-content\/uploads\/2026\/04\/10.png 1280w\" sizes=\"auto, (max-width: 1024px) 100vw, 1024px\" \/><\/figure>\n\n\n\n<div class=\"wp-block-cover\"><img loading=\"lazy\" decoding=\"async\" width=\"1024\" height=\"576\" class=\"wp-block-cover__image-background wp-image-602\" alt=\"\" src=\"https:\/\/deuleenjeux.fr\/wp-content\/uploads\/2026\/04\/11-1024x576.png\" data-object-fit=\"cover\" srcset=\"https:\/\/deuleenjeux.fr\/wp-content\/uploads\/2026\/04\/11-1024x576.png 1024w, https:\/\/deuleenjeux.fr\/wp-content\/uploads\/2026\/04\/11-300x169.png 300w, https:\/\/deuleenjeux.fr\/wp-content\/uploads\/2026\/04\/11-768x432.png 768w, https:\/\/deuleenjeux.fr\/wp-content\/uploads\/2026\/04\/11.png 1280w\" sizes=\"auto, (max-width: 1024px) 100vw, 1024px\" \/><span aria-hidden=\"true\" class=\"wp-block-cover__background has-background-dim\"><\/span><div class=\"wp-block-cover__inner-container is-layout-flow wp-block-cover-is-layout-flow\">\n<p class=\"has-text-align-center has-large-font-size\">On compte sur vous !<\/p>\n<\/div><\/div>\n\n\n\n<p><\/p>\n","protected":false},"excerpt":{"rendered":"<p>Le but de ce festival est de faire la promotion du jeu de soci\u00e9t\u00e9 pour ses vertus f\u00e9d\u00e9ratrice, sociale et<\/p>\n","protected":false},"author":1,"featured_media":0,"parent":0,"menu_order":0,"comment_status":"closed","ping_status":"closed","template":"","meta":{"_monsterinsights_skip_tracking":false,"_monsterinsights_sitenote_active":false,"_monsterinsights_sitenote_note":"","_monsterinsights_sitenote_category":0,"footnotes":""},"class_list":["post-6","page","type-page","status-publish","hentry"],"aioseo_notices":[],"_links":{"self":[{"href":"https:\/\/deuleenjeux.fr\/index.php\/wp-json\/wp\/v2\/pages\/6","targetHints":{"allow":["GET"]}}],"collection":[{"href":"https:\/\/deuleenjeux.fr\/index.php\/wp-json\/wp\/v2\/pages"}],"about":[{"href":"https:\/\/deuleenjeux.fr\/index.php\/wp-json\/wp\/v2\/types\/page"}],"author":[{"embeddable":true,"href":"https:\/\/deuleenjeux.fr\/index.php\/wp-json\/wp\/v2\/users\/1"}],"replies":[{"embeddable":true,"href":"https:\/\/deuleenjeux.fr\/index.php\/wp-json\/wp\/v2\/comments?post=6"}],"version-history":[{"count":48,"href":"https:\/\/deuleenjeux.fr\/index.php\/wp-json\/wp\/v2\/pages\/6\/revisions"}],"predecessor-version":[{"id":617,"href":"https:\/\/deuleenjeux.fr\/index.php\/wp-json\/wp\/v2\/pages\/6\/revisions\/617"}],"wp:attachment":[{"href":"https:\/\/deuleenjeux.fr\/index.php\/wp-json\/wp\/v2\/media?parent=6"}],"curies":[{"name":"wp","href":"https:\/\/api.w.org\/{rel}","templated":true}]}}